{"id":788,"date":"2017-06-14T10:51:00","date_gmt":"2017-06-14T08:51:00","guid":{"rendered":"http:\/\/wp.jels-net.dk\/?page_id=788"},"modified":"2023-05-23T11:05:16","modified_gmt":"2023-05-23T09:05:16","slug":"nye-hastigheder-paa-internet","status":"publish","type":"page","link":"https:\/\/jels-net.dk\/index.php\/nye-hastigheder-paa-internet\/","title":{"rendered":"Hastigheder p\u00e5 internet fra den 1.juli 2023"},"content":{"rendered":"<p><strong><br \/>\n<img loading=\"lazy\" decoding=\"async\" class=\"size-full wp-image-789 alignright\" src=\"http:\/\/wp.jels-net.dk\/wp-content\/uploads\/2017\/06\/internet-358200.jpg\" alt=\"\" width=\"358\" height=\"200\" srcset=\"https:\/\/jels-net.dk\/wp-content\/uploads\/2017\/06\/internet-358200.jpg 358w, https:\/\/jels-net.dk\/wp-content\/uploads\/2017\/06\/internet-358200-300x168.jpg 300w\" sizes=\"auto, (max-width: 358px) 100vw, 358px\" \/><\/strong><\/p>\n<p>Se ogs\u00e5 vilk\u00e5r for internetforbindelsen p\u00e5\u00a0\u00a0 <a href=\"http:\/\/wp.jels-net.dk\/wp-content\/uploads\/2019\/05\/bredbaand-1.pdf\" target=\"_blank\" rel=\"noopener noreferrer\">Vilk\u00e5r for Bredb\u00e5nd<\/a><\/p>\n<p><img loading=\"lazy\" decoding=\"async\" class=\"alignnone wp-image-853 size-full\" src=\"http:\/\/jels-net.dk\/wp-content\/uploads\/2017\/06\/HastighederPriser.jpg\" alt=\"\" width=\"714\" height=\"775\" srcset=\"https:\/\/jels-net.dk\/wp-content\/uploads\/2017\/06\/HastighederPriser.jpg 714w, https:\/\/jels-net.dk\/wp-content\/uploads\/2017\/06\/HastighederPriser-276x300.jpg 276w\" sizes=\"auto, (max-width: 714px) 100vw, 714px\" \/><\/p>\n<p>&nbsp;<\/p>\n","protected":false},"excerpt":{"rendered":"<p>Se ogs\u00e5 vilk\u00e5r for internetforbindelsen p\u00e5\u00a0\u00a0 Vilk\u00e5r for Bredb\u00e5nd &nbsp;<\/p>\n","protected":false},"author":1,"featured_media":789,"parent":0,"menu_order":0,"comment_status":"closed","ping_status":"closed","template":"","meta":{"_genesis_hide_title":false,"_genesis_hide_breadcrumbs":false,"_genesis_hide_singular_image":false,"_genesis_hide_footer_widgets":false,"_genesis_custom_body_class":"","_genesis_custom_post_class":"","_genesis_layout":"","footnotes":""},"class_list":{"0":"post-788","1":"page","2":"type-page","3":"status-publish","4":"has-post-thumbnail","6":"entry"},"_links":{"self":[{"href":"https:\/\/jels-net.dk\/index.php\/wp-json\/wp\/v2\/pages\/788","targetHints":{"allow":["GET"]}}],"collection":[{"href":"https:\/\/jels-net.dk\/index.php\/wp-json\/wp\/v2\/pages"}],"about":[{"href":"https:\/\/jels-net.dk\/index.php\/wp-json\/wp\/v2\/types\/page"}],"author":[{"embeddable":true,"href":"https:\/\/jels-net.dk\/index.php\/wp-json\/wp\/v2\/users\/1"}],"replies":[{"embeddable":true,"href":"https:\/\/jels-net.dk\/index.php\/wp-json\/wp\/v2\/comments?post=788"}],"version-history":[{"count":25,"href":"https:\/\/jels-net.dk\/index.php\/wp-json\/wp\/v2\/pages\/788\/revisions"}],"predecessor-version":[{"id":792,"href":"https:\/\/jels-net.dk\/index.php\/wp-json\/wp\/v2\/pages\/788\/revisions\/792"}],"wp:featuredmedia":[{"embeddable":true,"href":"https:\/\/jels-net.dk\/index.php\/wp-json\/wp\/v2\/media\/789"}],"wp:attachment":[{"href":"https:\/\/jels-net.dk\/index.php\/wp-json\/wp\/v2\/media?parent=788"}],"curies":[{"name":"wp","href":"https:\/\/api.w.org\/{rel}","templated":true}]}}