{"id":668,"date":"2017-06-12T21:33:01","date_gmt":"2017-06-12T19:33:01","guid":{"rendered":"http:\/\/wp.jels-net.dk\/?page_id=668"},"modified":"2025-10-23T11:34:52","modified_gmt":"2025-10-23T09:34:52","slug":"generelle-nyheder","status":"publish","type":"page","link":"https:\/\/jels-net.dk\/index.php\/generelle-nyheder\/","title":{"rendered":"Generelle nyheder"},"content":{"rendered":"<p><strong>23.10.2025\u2013<\/strong><\/p>\n<p>Generalforsamling Antenneforeningen p\u00e5 Jels Kultur &amp; Sportscenter den 27. november kl. 19.30<\/p>\n<p><a href=\"http:\/\/jels-net.dk\/wp-content\/uploads\/2025\/10\/2025AnnonceGeneralforsamling2025.pdf\">Se dagsorden<\/a><\/p>\n<p>&nbsp;<\/p>\n<p><strong>20.05.2025\u2013<\/strong><\/p>\n<p>Folketinget besluttede\u00a0 december 2024 at Copydan (en lovpligtig del af alle TV-pakker) ikke l\u00e6ngere er momsfri. Dette betyder at pakkepriserne stiger\u00a0 fra 1-7-2025.<br \/>\nGrundpakken stiger fra\u00a0 259,00 kr. til <strong>275,00 kr<\/strong>.<br \/>\nMellempakken stiger fra 535,00 kr. til <strong>554,00 kr.<\/strong><br \/>\nFuldpakken stiger fra 741,00 kr. til <strong>761,00 kr.<\/strong><\/p>\n<p>Kontakt os endeligt p\u00e5 tlf. 4440 0950 ved sp\u00f8rgsm\u00e5l.<\/p>\n<p>&nbsp;<\/p>\n<p><strong>21.10.2024\u2013<\/strong><\/p>\n<p>Generalforsamling Antenneforeningen p\u00e5 Jels Kultur &amp; Sportscenter den 28. november kl. 19.30<\/p>\n<p><a href=\"http:\/\/jels-net.dk\/wp-content\/uploads\/2024\/10\/AnnonceGeneralforsamling2024.doc\">Se dagsorden<\/a><\/p>\n<p><strong>27.06.2024\u2013<\/strong><\/p>\n<p>Den 1\/7 udg\u00e5r 6&#8217;eren af fuldpakken, grundet flere af kanalens sportrettigheder udg\u00e5r.<br \/>\nSe ogs\u00e5 <a href=\"https:\/\/jels-net.dk\/index.php\/jels-tv-pakker-2020\/\">her<\/a><\/p>\n<p><strong>04.04.2024\u2013<\/strong><\/p>\n<p>Ang. VH1, vi har desv\u00e6rre ikke f\u00e5et info fra vores leverand\u00f8r om at VH1 vil blive erstattet af Nick Music. Vi arbejder p\u00e5 at finde en l\u00f8sning p\u00e5 at lave kanalen om til VH1 Europe.<\/p>\n<p><strong>03.04.2024\u2013<\/strong><\/p>\n<p>Vi er netop blevet gjort opm\u00e6rksomme p\u00e5 at MotorVision TV lukker, og udg\u00e5r fra vores udvalg. Det beklageligt vi ikke har kunne f\u00e5 meldt det ud noget f\u00f8r. Men pga. fejlinformation fra vores kanalleverand\u00f8r Allente, har vi ikke selv f\u00e5et informationen f\u00f8r nu.<br \/>\nSiden kanalen kun findes som tilvalg og i bland-selv universet, vil det heldigvis p\u00e5virke relativt f\u00e5 kunder. Vi s\u00f8rger for at de p\u00e5virkede kunder bliver krediteret og informeret om nedlukningen.<\/p>\n<p>&nbsp;<\/p>\n<p><strong>10.01.2024\u2013<\/strong><\/p>\n<p><strong>Programmer og priser 2024.<\/strong><br \/>\nIgen i \u00e5r stiger priserne p\u00e5 Tv-pakkerne, is\u00e6r drevet af sportsrettighederne der ikke bliver billigere, tv\u00e6rt i mod.<br \/>\nHerudover er der generelle prisstigninger til program leverand\u00f8rerne og til rettighedshaverne.<br \/>\nBestyrelsen har derfor m\u00e5tte foretage nogle valg i forhold til at priserne ikke skulle stige fuldst\u00e6ndig urimeligt, nemlig ved at flytte nogle at Tv-kanalerne til en anden pakke, og frav\u00e6lge andre. I den forbindelse skal det ogs\u00e5 n\u00e6vnes at nogle af kanalerne, 6\u2019eren og kanal 9 mister deres sportsrettigheder til bl.a. superligaen hen over sommeren, som overtages af Viasat og TV2.<br \/>\n<strong>(mellempakken)<br \/>\n<\/strong>Eurosport 1 flyttes til fuldpakken<br \/>\n<strong>(Fuldpakken)<br \/>\n<\/strong>Kanal 9 udg\u00e5r pr. 1.1.2024 (kan tilk\u00f8bes som frit valg)<br \/>\n6\u2019eren udg\u00e5r pr. 30.6.2024 (rettigheder oph\u00f8rer)<br \/>\nEurosport 2 udg\u00e5r pr. 1.1.2024<br \/>\nLivesport NY kanal pr. 1.1.2024<\/p>\n<p><strong>Der udf\u00f8res kanaloml\u00e6gning for det nye \u00e5r 2024 d. 20\/2 kl. 01:00 til 03:00.<\/strong><br \/>\n<strong>Vi opfordrer til at lave en ny kanals\u00f8gning efter oml\u00e6gning, da man ellers kan mangle de kanaler som bliver lagt om.<\/strong><\/p>\n<p>&nbsp;<\/p>\n<p><strong>15.11.2023\u2013<\/strong><\/p>\n<p>Generalforsamling Antenneforeningen p\u00e5 Jels Kultur &amp; Sportscenter den 30. november kl. 19.30<\/p>\n<p><a href=\"http:\/\/jels-net.dk\/wp-content\/uploads\/2023\/11\/AnnonceGeneralforsamling2023.pdf\">Se dagsorden<\/a><\/p>\n<p><strong>23.05.2023\u2013<\/strong><\/p>\n<p><strong>Udskiftning af modems &#8211;<\/strong><br \/>\nVi er kommet til et tidspunkt hvor det er n\u00f8dvendigt at udskifte nogle af de gamle modems. Hvis du har et af de modems der skal skiftes, vil du modtage enten en SMS eller en mail, der fort\u00e6ller at du skal skifte nu.<\/p>\n<p>Ombytningen til det ny modem er gratis, det eneste du skal g\u00f8re er at komme op i Thorhallen en af f\u00f8lgende l\u00f8rdage : <strong>03. juni, 10. juni eller 17. juni<\/strong>\u00a0 hvor vi er der fra 10.00-14.00. Vi byder p\u00e5 en kop kaffe, og kan selvf\u00f8lgelig ogs\u00e5 give r\u00e5d og vejledning. Det gamle modem og str\u00f8mforsyning putter du bare i den r\u00f8de genbrugskasse, som du har derhjemme. Alternativt kan du ogs\u00e5 aflevere den som elektronik p\u00e5 genbrugspladsen, hvis du alligevel har et \u00e6rinde der.<\/p>\n<p>Hvis du er en af dem der f\u00e5r beskeden om ombytning, vil vi gerne p\u00e5pege, at det er vigtigt at f\u00e5 ombyttet dit modem NU. Dels er det gamle ikke tidssvarende, dels har det nye modem en meget bedre Wifi \/ tr\u00e5dl\u00f8s ops\u00e6tning, s\u00e5 d\u00e6kningen i hjemmet bliver bedre.<\/p>\n<p>&nbsp;<\/p>\n<p>&nbsp;<\/p>\n<p><strong>15.11.2022\u2013<\/strong><\/p>\n<p>Problemer efter renovering af anl\u00e6get<\/p>\n<p>Har du problemer med at se DR 1 efter vi installerede nyt udstyr i anl\u00e6gget, s\u00e5 er det n\u00f8dvendigt med en ny kanals\u00f8gning p\u00e5 fjernsynet.<\/p>\n<p>&nbsp;<\/p>\n<p><strong>07.11.2022\u2013<\/strong><\/p>\n<p>Generalforsamling Antenneforeningen i Thorhallen Jels Kultur &amp; Sportscenter den 23. november kl. 19.30<\/p>\n<p><a href=\"http:\/\/jels-net.dk\/wp-content\/uploads\/2022\/11\/AnnonceGeneralforsamling2022.pdf\">Se dagsorden<\/a><\/p>\n<p>&nbsp;<\/p>\n<p><strong>07.09.2022\u2013<\/strong><\/p>\n<p><strong>Slukning af FM-signalet.<\/strong><br \/>\nBem\u00e6rk slukningen har kun betydning for dig, hvis du modtager FM-radio eller DAB-radio via dit antennestik.<br \/>\nVi er nu ved at v\u00e6re f\u00e6rdige med en stor opgradering af vores net og i den forbindelse skal der bruges mere plads til hurtigere internetforbindelser.<br \/>\nDerfor siger vi nu farvel til de gamle, analoge FM-signaler. Vi har trukket nedlukningen s\u00e5 l\u00e6nge som muligt.<br \/>\nDen permanente nedlukning sker p\u00e5 et <strong>tidspunkt efter 15. oktober<\/strong>.<\/p>\n<p>Vi beklager meget de gener det medf\u00f8rer.<br \/>\nSe mere om\u00a0<a href=\"http:\/\/jels-net.dk\/index.php\/fm-signalet-slukkes\/\"> slukning af FM-Signal<\/a><\/p>\n<p>M.v.h<\/p>\n<p>Bestyrelsen<\/p>\n<p>&nbsp;<\/p>\n<p><strong>21.05.2022\u2013<\/strong><\/p>\n<p>UATV\u00a0 \u2013 Ukrainsk Nyhedskanal\u00a0 bliver vist p\u00e5 pr\u00f8vekanalen<\/p>\n<p>&nbsp;<\/p>\n<p><strong>26.10.2021\u2013<\/strong><\/p>\n<p>Generalforsamling Antenneforeningen p\u00e5 Jels Motel &amp; Sportscenter den 24. november kl. 19.30<\/p>\n<p><a href=\"http:\/\/jels-net.dk\/wp-content\/uploads\/2021\/10\/AnnonceGeneralforsamling2021.pdf\">Se dagsorden<\/a><\/p>\n<p>&nbsp;<\/p>\n<p><strong>02.02.2020\u2013<\/strong><\/p>\n<p>Vi oplever en del opkald p\u00e5, at medlemmer\/kunder der ikke kan f\u00e5 deres kortbetaling til at fungere.<br \/>\nDer er et par ting som er \u00e6ndret hen over \u00e5rsskiftet, det kan i se i den vedh\u00e6ftede vejledning.<\/p>\n<p>Der er ogs\u00e5 f\u00f8lgende fejl der kan kommer, hvis kunden kort ikke st\u00e5r rigtigt opsat i bankaftale, hvor der mangler at blive opdateret med 3D Secure i banken<\/p>\n<p><img loading=\"lazy\" decoding=\"async\" class=\"alignnone size-full wp-image-1954\" src=\"http:\/\/jels-net.dk\/wp-content\/uploads\/2021\/02\/Fejl1.jpg\" alt=\"\" width=\"457\" height=\"222\" srcset=\"https:\/\/jels-net.dk\/wp-content\/uploads\/2021\/02\/Fejl1.jpg 457w, https:\/\/jels-net.dk\/wp-content\/uploads\/2021\/02\/Fejl1-300x146.jpg 300w\" sizes=\"auto, (max-width: 457px) 100vw, 457px\" \/><br \/>\nMed denne fejl skal man kontakte banken:<\/p>\n<p><img loading=\"lazy\" decoding=\"async\" class=\"alignnone size-full wp-image-1955\" src=\"http:\/\/jels-net.dk\/wp-content\/uploads\/2021\/02\/Fejl2.jpg\" alt=\"\" width=\"469\" height=\"217\" srcset=\"https:\/\/jels-net.dk\/wp-content\/uploads\/2021\/02\/Fejl2.jpg 469w, https:\/\/jels-net.dk\/wp-content\/uploads\/2021\/02\/Fejl2-300x139.jpg 300w\" sizes=\"auto, (max-width: 469px) 100vw, 469px\" \/><\/p>\n<p>Se vejledning vedr. kortbetaling <a href=\"http:\/\/jels-net.dk\/wp-content\/uploads\/2021\/02\/VejledKortbetaling.pdf\">her<\/a><\/p>\n<p><strong>04.11.2020\u2013<\/strong><\/p>\n<p><span class=\"overskrift\">Generalforsamling i antenneforeningen<br \/>\n<\/span><span class=\"tekst\"><img decoding=\"async\" src=\"http:\/\/www.jels.dk\/grafik\/afstand.gif\" alt=\"\" \/><br \/>\nJels Antenneforening afholder sin \u00e5rlige ordin\u00e6re generalforsamling tirsdag den 24. november kl. 19.30 p\u00e5 Jels Motel &amp; Sportscenter.<\/span><\/p>\n<p>Dagsordenen ser s\u00e5dan ud:<\/p>\n<ol>\n<li>Valg af dirigent<\/li>\n<li>Formandens beretning<\/li>\n<li>Afl\u00e6ggelse af \u00e5rsregnskab<\/li>\n<li>Behandling af indkomne forslag<\/li>\n<li>Fasts\u00e6ttelse af kontingent<\/li>\n<li>Valg af bestyrelse og revisor<\/li>\n<li>Eventuelt<\/li>\n<\/ol>\n<p>Eventuel uds\u00e6ttelse af generalforsamlingen (grundet corona-restriktioner) vil blive oplyst p\u00e5 foreningens hjemmeside\u00a0<a href=\"http:\/\/www.jels-net.dk\/\" target=\"_blank\" rel=\"noopener noreferrer\">www.jels-net.dk<\/a>.<\/p>\n<p>Forslag som \u00f8nskes behandlet p\u00e5 generalforsamlingen skal sendes underskrevet og med angivelse af navn og adresse til: Jels Antenneforening, v\/ Helge Lassen, Kl\u00f8vervej 11, Jels, 6630 R\u00f8dding, senest den 15. november.<\/p>\n<p>&nbsp;<\/p>\n<p><strong>15.03.2020\u2013<\/strong><\/p>\n<p>Nyheder vedr. Corona virus<\/p>\n<p>TV2 News stilles gratis til r\u00e5dighed for alle Grundpakkemedlemmer resten af marts m\u00e5ned.<br \/>\nVia TV2 News vil alle medlemmer s\u00e5ledes have mulighed for l\u00f8bende at holde sig opdateret om Corona-situationen, som hele tiden udvikler sig.<br \/>\nTV2 News vil v\u00e6re indsat som pr\u00f8vekanal fra i dag s\u00f8ndag den 15.03.2020.<\/p>\n<p><strong>10.01.2020\u2013<\/strong><\/p>\n<div>Program\u00e6ndringer:<\/div>\n<div><strong>F\u00f8lgende programmer skifter fra Fuldpakke til Mellempakke:<\/strong><br \/>\nTV2 Fri ny programplads 54<br \/>\nTV3 Puls ny programplads 56<br \/>\nTV3 Max ny programplads 47<\/div>\n<div><strong>\u00d8vrige \u00e6ndringer i Mellempakken:<\/strong><br \/>\nEurosport 1 flytter fra plads 47 til 51<br \/>\nE-Sport og National Geographic Channel stopper.<\/div>\n<div>Nyt program i Fuldpakken:<br \/>\nTV2 Sport X p\u00e5 plads 66<\/div>\n<div>DR3, DR K og DR Ultra stopper.<\/div>\n<div><strong>Skiftet sker i l\u00f8bet af torsdag d. 16. januar.<\/strong><\/div>\n<div>Det kan p\u00e5 nogle fjernsyn v\u00e6re n\u00f8dvendigt at foretage en ny kanal s\u00f8gning. Vi beklager de gener det medf\u00f8rer.<\/div>\n<p>&nbsp;<\/p>\n<p><strong>03.01.2020\u2013<\/strong><\/p>\n<p>S\u00e5fremt du ikke har kanalen i forvejen:<br \/>\nTV2 Sport X\u00a0 kan ses af alle p\u00e5 vores pr\u00f8vekanal (LCN 23)i januar og februar.<\/p>\n<p><strong>07.11.2019\u2013<\/strong><\/p>\n<p>&nbsp;<\/p>\n<p>Det har v\u00e6ret sp\u00f8rgsm\u00e5l hvorvidt Jels Antenneforening fra det nye \u00e5r har Discovery kanalerne, og bare rolig det har vi.<br \/>\nDet er You See der har meldt det ud, og dem entrerer vi ikke med.<\/p>\n<p>&nbsp;<\/p>\n<p><strong>04.11.2019\u2013<\/strong><br \/>\n<span style=\"display: inline !important; float: none; background-color: #ffffff; color: #777777; font-family: 'Lato',sans-serif; font-size: 16px; font-style: normal; font-variant: normal; font-weight: 300; letter-spacing: normal; orphans: 2; text-align: left; text-decoration: none; text-indent: 0px; text-transform: none; -webkit-text-stroke-width: 0px; white-space: normal; word-spacing: 0px;\"> Jels Antenneforening afholder generalforsamling Mandag den 25. november 2019 kl 19.30 p\u00e5 Jels Motel &amp; Sportscenter<\/span><\/p>\n<p><a href=\"http:\/\/jels-net.dk\/wp-content\/uploads\/2019\/11\/AnnonceGeneralforsamling2019.pdf\" target=\"_blank\" rel=\"noopener noreferrer\">Se dagsorden<\/a><\/p>\n<p><b>14.05.2019-<br \/>\n<\/b>Se annonce vedr. \u00f8gede hastigheder p\u00e5 internettet og om Web TV\u00a0 <a href=\"http:\/\/wp.jels-net.dk\/wp-content\/uploads\/2019\/05\/07052019-v2-Jels-og-Skodborg-Annonce.pdf\" target=\"_blank\" rel=\"noopener noreferrer\">klik her<\/a><\/p>\n<p>&nbsp;<\/p>\n<p><b>10.04.2019-\u00a0<\/b><\/p>\n<p>Du kan nu se alle dine programmer p\u00e5 Web TV (p\u00e5 din pc, tablet eller mobil)<\/p>\n<p><a href=\"http:\/\/wp.jels-net.dk\/wp-content\/uploads\/2019\/04\/Vejledning-til-WEB-Jels.pdf\" target=\"_blank\" rel=\"noopener noreferrer\">Se vejledning her<\/a><\/p>\n<p>&nbsp;<\/p>\n<p><b>07.01.2019-\u00a0<\/b><\/p>\n<p><strong>TV News<\/strong> flytter nu fra Fuldpakken til <strong>Mellempakken<\/strong>. D.v.s. alle med Mellempakke eller Fuldpakke kan fremover se TV2 News.<br \/>\nSkiftet sker i l\u00f8bet af tirsdag d. 15. januar. Kanalen skifter programplads fra 71 til 55.<br \/>\nDet kan p\u00e5 nogle fjernsyn v\u00e6re n\u00f8dvendigt at foretage en ny kanal s\u00f8gning for at kunne se TV2 News.<\/p>\n<p><b>06.01.2019 &#8211;<\/b><\/p>\n<p>Kanl\u00e6ndringer<\/p>\n<p>\u201d<strong>Canal digital<\/strong>\u201d<br \/>\nTNT udg\u00e5r 1. februar 2019, der bliver arbejdet p\u00e5 om vi kan f\u00e5 en erstatningskanal ind i stedet for.<\/p>\n<p>\u201d<strong>VIASAT<\/strong>\u201d<\/p>\n<p>Paramount Network<br \/>\n8. januar 2019<br \/>\nComedy central bliver til Paramount Network, som byder p\u00e5 must-see serier, stjernesp\u00e6kkede film og comedy af h\u00f8jeste kaliber. Du kan stadig f\u00f8lge med i fx South Park og The Daily Show.<\/p>\n<p>MTV Nordic<br \/>\n1. februar 2019<br \/>\nMTV Danmark bliver til MTV Nordic. Du kan fortsat se alle de nyeste musikvideoer, underholdende serier, mm.<\/p>\n<p>National Geographic People<br \/>\nKanalen udg\u00e5r og kan ses t.o.m. den 31. december 2018<\/p>\n<p>E! Entertainment<br \/>\n28. februar 2019<br \/>\nKanalen udg\u00e5r og kan ses t.o.m. den 28. februar 2019<\/p>\n<p>&nbsp;<\/p>\n<p><b>02.11.2018 &#8211;<\/b><\/p>\n<p>Jels Antenneforening afholder ordin\u00e6r generalforsamling<br \/>\nOnsdag den 21. november kl. 19.30<br \/>\np\u00e5 Jels Motel- &amp; Sportscenter<br \/>\n<a href=\"http:\/\/wp.jels-net.dk\/wp-content\/uploads\/2018\/11\/AnnonceGeneralforsamling2018.pdf\" target=\"_blank\" rel=\"noopener noreferrer\">Dagsorden Generalforsamling2018<\/a><\/p>\n<p><b>13.03.2018 &#8211;<\/b><\/p>\n<p><a href=\"https:\/\/indd.adobe.com\/view\/28411fcb-0026-4675-abe1-7318770bb6d1\" target=\"_blank\" rel=\"noopener noreferrer\">Se Fritvalgskanaler og priser her.<\/a><\/p>\n<p>&nbsp;<\/p>\n<p><strong>02.03.2018 &#8211;<\/strong><\/p>\n<p>Den 6 marts oml\u00e6gges logiske kanal numre. Det skyldes et krav fra ViaSat om at deres kanaler skal have en bestemt placering i pakkerne. Det betyder at der skal laves kanals\u00f8gning igen.<br \/>\nDer kan hentes nye kanaloversigter i Superbrugsen hvor de er stillet frem.<br \/>\nSe mere her:\u00a0<a href=\"http:\/\/wp.jels-net.dk\/wp-content\/uploads\/2018\/03\/Annonce_Kanal\u00e6ndringer_J_R_S-002.pdf\" target=\"_blank\" rel=\"noopener noreferrer\">Kanal\u00e6ndringer<\/a><\/p>\n<p><strong>08.12.2017 &#8211;<\/strong><\/p>\n<p>Nogle medlemmer\/kunder har ringet til vores support fordi de er blevet ringet op af en, der siger at de bruger hans wifi. Denne person beder dem logge af hans wifi og bruge deres eget i stedet for. Nogle har f\u00f8lt, at samtalen har v\u00e6ret ubehagelig og er bange for sikkerheden p\u00e5 wifi.\u00a0Det viser sig, at det er en app, som man kan f\u00e5 til at ringe og udgive sig for en nabo osv\u2026 V\u00e6r opm\u00e6rksom p\u00e5 dette<br \/>\nDu kan se mere her: <a href=\"https:\/\/newsbreak.dk\/67352216-er-telefonfis\" target=\"_blank\" rel=\"noopener noreferrer\">https:\/\/newsbreak.dk\/67352216-er-telefonfis<\/a><\/p>\n<p><span style=\"font-family: Calibri;\">\u00a0<\/span><\/p>\n<p><strong>03.11.2017 &#8211;<\/strong><br \/>\nJels Antenneforening afholder generalforsamling onsdag den 22. november 2017 kl 19.30 p\u00e5 Jels Motel &amp; Sportscenter<br \/>\n<a href=\"http:\/\/wp.jels-net.dk\/wp-content\/uploads\/2017\/11\/AnnonceGeneralforsamling2017.pdf\" target=\"_blank\" rel=\"noopener noreferrer\">Se dagsorden<\/a><\/p>\n<p><strong>26.10.2017 &#8211;<br \/>\n<\/strong>TV3 Sport 2 bliver til TV3 MAX og TV3 Sport 1 bliver til TV3 Sport\u00a0 den 31. oktober<\/p>\n<div><\/div>\n<div><strong>16.05.2017 &#8211;<br \/>\n<\/strong>Til information skifter vi DR K fra SD til HD p\u00e5 mandag d. 22\/5.<br \/>\nDe fleste tv-apparater finder selv ud af det, men nogle f\u00e5 kan kr\u00e6ve genindstilling af kanaler.<br \/>\nSamtidig lukker vi ned for test udgaven af TV2 Lorry, som ligger p\u00e5\u00a0 kanalplads 67<\/div>\n<div><\/div>\n<div>\u00a0\u00a0<strong>24.04.2017 &#8211;<\/strong><br \/>\nFra den 1. juni 2017 er det ikke l\u00e6ngere muligt at se TCM kanalen, da Turner Broadcastin System, som ejer TCM, har besluttet at lukke kanalen i hele Norden.<br \/>\nVi har s\u00e5 f\u00e5et tilbudt at udskifte den med TNT for samme pris i 2017.<br \/>\nLink til hjemmesiden: http:\/\/www.tnt-tv.dk\/<br \/>\nTNT vil blive indsat som pr\u00f8ve kanal i Maj og vil s\u00e5 erstatte TCM 1. juni 2017<\/div>\n","protected":false},"excerpt":{"rendered":"<p>23.10.2025\u2013 Generalforsamling Antenneforeningen p\u00e5 Jels Kultur &amp; Sportscenter den 27. november kl. 19.30 Se dagsorden &nbsp; 20.05.2025\u2013 Folketinget besluttede\u00a0 december 2024 at Copydan (en lovpligtig del af alle TV-pakker) ikke l\u00e6ngere er momsfri. Dette betyder at pakkepriserne stiger\u00a0 fra 1-7-2025. Grundpakken stiger fra\u00a0 259,00 kr. til 275,00 kr. Mellempakken stiger fra 535,00 kr. til 554,00 [&hellip;]<\/p>\n","protected":false},"author":1,"featured_media":0,"parent":0,"menu_order":0,"comment_status":"closed","ping_status":"closed","template":"","meta":{"_genesis_hide_title":false,"_genesis_hide_breadcrumbs":false,"_genesis_hide_singular_image":false,"_genesis_hide_footer_widgets":false,"_genesis_custom_body_class":"","_genesis_custom_post_class":"","_genesis_layout":"","footnotes":""},"class_list":{"0":"post-668","1":"page","2":"type-page","3":"status-publish","5":"entry"},"_links":{"self":[{"href":"https:\/\/jels-net.dk\/index.php\/wp-json\/wp\/v2\/pages\/668","targetHints":{"allow":["GET"]}}],"collection":[{"href":"https:\/\/jels-net.dk\/index.php\/wp-json\/wp\/v2\/pages"}],"about":[{"href":"https:\/\/jels-net.dk\/index.php\/wp-json\/wp\/v2\/types\/page"}],"author":[{"embeddable":true,"href":"https:\/\/jels-net.dk\/index.php\/wp-json\/wp\/v2\/users\/1"}],"replies":[{"embeddable":true,"href":"https:\/\/jels-net.dk\/index.php\/wp-json\/wp\/v2\/comments?post=668"}],"version-history":[{"count":96,"href":"https:\/\/jels-net.dk\/index.php\/wp-json\/wp\/v2\/pages\/668\/revisions"}],"predecessor-version":[{"id":2620,"href":"https:\/\/jels-net.dk\/index.php\/wp-json\/wp\/v2\/pages\/668\/revisions\/2620"}],"wp:attachment":[{"href":"https:\/\/jels-net.dk\/index.php\/wp-json\/wp\/v2\/media?parent=668"}],"curies":[{"name":"wp","href":"https:\/\/api.w.org\/{rel}","templated":true}]}}