{"id":651,"date":"2017-06-12T20:58:16","date_gmt":"2017-06-12T18:58:16","guid":{"rendered":"http:\/\/wp.jels-net.dk\/?page_id=651"},"modified":"2021-09-01T12:07:11","modified_gmt":"2021-09-01T10:07:11","slug":"antivirus","status":"publish","type":"page","link":"https:\/\/jels-net.dk\/index.php\/antivirus\/","title":{"rendered":"Antivirus"},"content":{"rendered":"<p><img loading=\"lazy\" decoding=\"async\" class=\"alignnone size-full wp-image-1986\" src=\"http:\/\/jels-net.dk\/wp-content\/uploads\/2021\/09\/FSecure2021.jpg\" alt=\"\" width=\"648\" height=\"986\" srcset=\"https:\/\/jels-net.dk\/wp-content\/uploads\/2021\/09\/FSecure2021.jpg 648w, https:\/\/jels-net.dk\/wp-content\/uploads\/2021\/09\/FSecure2021-197x300.jpg 197w\" sizes=\"auto, (max-width: 648px) 100vw, 648px\" \/><\/p>\n<div class=\"page-header\">\n<p>I\u00a0<strong>F-Secure Safe<\/strong>\u00a0er der 3 produkter at v\u00e6lge imellem \u2013\u00a0 F-Secure Safe 5 g\u00e6lder for 5 licenser, F-Secure Safe 10 g\u00e6lder for 10 licenser og F-Secure Safe 15 g\u00e6lder for 15 licenser.<\/p>\n<p>I\u00a0<strong>F-Secure Total<\/strong>\u00a0er der 3 produkter at v\u00e6lge imellem \u2013\u00a0 F-Secure Total 5 g\u00e6lder for 5 licenser, F-Secure Total 10 g\u00e6lder for 10 licenser og\u00a0 F-Secure Total 15 g\u00e6lder for 15 licenser.<\/p>\n<p>De virker b\u00e5de til IOS, Android og Windows styresystemer.<\/p>\n<p>Du kan se mere p\u00e5 siden her:\u00a0<a href=\"https:\/\/www.f-secure.com\/dk-da\/home\/products\/compare\" target=\"_blank\" rel=\"noopener noreferrer\">F-Secure Internet Security<\/a><\/p>\n<p><strong>Vi tilbyder et abonnement med licens til 5 computere, fra kun 18,- kr. i m\u00e5neden.<br \/>\n<img loading=\"lazy\" decoding=\"async\" class=\"alignnone size-large wp-image-1990\" src=\"http:\/\/jels-net.dk\/wp-content\/uploads\/2021\/09\/FsecurePriser-1024x207.jpg\" alt=\"\" width=\"1024\" height=\"207\" srcset=\"https:\/\/jels-net.dk\/wp-content\/uploads\/2021\/09\/FsecurePriser-1024x207.jpg 1024w, https:\/\/jels-net.dk\/wp-content\/uploads\/2021\/09\/FsecurePriser-300x61.jpg 300w, https:\/\/jels-net.dk\/wp-content\/uploads\/2021\/09\/FsecurePriser-768x155.jpg 768w, https:\/\/jels-net.dk\/wp-content\/uploads\/2021\/09\/FsecurePriser.jpg 1194w\" sizes=\"auto, (max-width: 1024px) 100vw, 1024px\" \/><br \/>\n<\/strong><\/p>\n<p>Du bestiller nemt F-Secure i selvbetjeningen eller ved at sende en e-mail til\u00a0<span id=\"cloak83af738285ae33e820aa048baf06dbc1\"><a href=\"mailto:info@jels-net.dk\">info@jels-net.dk<\/a><\/span>, hvor du skriver navn, adresse, medlemsnummer og e-mailadressen, som licensen skal sendes til.Hvis du bestiller via selvbetjeningen, vil du kunne se licensn\u00f8glen straks efter bestillingen.<\/p>\n<\/div>\n<div>Hvis du bestiller via e-mail, vil du modtage en e-mail efter et par hverdage med oplysninger om produktet og vejledning i, hvordan du kommer godt i gang.<\/div>\n<div>Du har selvf\u00f8lgelig ogs\u00e5\u00a0<a href=\"http:\/\/jels-net.dk\/index.php\/support-bredbaand\/\">telefonisk support fra vores it-supportere\u00a0<\/a>\u00a0inkluderet i denne pakke.<\/div>\n<p>&nbsp;<\/p>\n<p><b><u><span style=\"font-size: small;\">\u00a0<\/span><\/u><\/b><\/p>\n","protected":false},"excerpt":{"rendered":"<p>I\u00a0F-Secure Safe\u00a0er der 3 produkter at v\u00e6lge imellem \u2013\u00a0 F-Secure Safe 5 g\u00e6lder for 5 licenser, F-Secure Safe 10 g\u00e6lder for 10 licenser og F-Secure Safe 15 g\u00e6lder for 15 licenser. I\u00a0F-Secure Total\u00a0er der 3 produkter at v\u00e6lge imellem \u2013\u00a0 F-Secure Total 5 g\u00e6lder for 5 licenser, F-Secure Total 10 g\u00e6lder for 10 licenser og\u00a0 [&hellip;]<\/p>\n","protected":false},"author":1,"featured_media":0,"parent":0,"menu_order":0,"comment_status":"closed","ping_status":"closed","template":"","meta":{"_genesis_hide_title":false,"_genesis_hide_breadcrumbs":false,"_genesis_hide_singular_image":false,"_genesis_hide_footer_widgets":false,"_genesis_custom_body_class":"","_genesis_custom_post_class":"","_genesis_layout":"","footnotes":""},"class_list":{"0":"post-651","1":"page","2":"type-page","3":"status-publish","5":"entry"},"_links":{"self":[{"href":"https:\/\/jels-net.dk\/index.php\/wp-json\/wp\/v2\/pages\/651","targetHints":{"allow":["GET"]}}],"collection":[{"href":"https:\/\/jels-net.dk\/index.php\/wp-json\/wp\/v2\/pages"}],"about":[{"href":"https:\/\/jels-net.dk\/index.php\/wp-json\/wp\/v2\/types\/page"}],"author":[{"embeddable":true,"href":"https:\/\/jels-net.dk\/index.php\/wp-json\/wp\/v2\/users\/1"}],"replies":[{"embeddable":true,"href":"https:\/\/jels-net.dk\/index.php\/wp-json\/wp\/v2\/comments?post=651"}],"version-history":[{"count":11,"href":"https:\/\/jels-net.dk\/index.php\/wp-json\/wp\/v2\/pages\/651\/revisions"}],"predecessor-version":[{"id":1992,"href":"https:\/\/jels-net.dk\/index.php\/wp-json\/wp\/v2\/pages\/651\/revisions\/1992"}],"wp:attachment":[{"href":"https:\/\/jels-net.dk\/index.php\/wp-json\/wp\/v2\/media?parent=651"}],"curies":[{"name":"wp","href":"https:\/\/api.w.org\/{rel}","templated":true}]}}