{"id":639,"date":"2017-06-12T20:56:15","date_gmt":"2017-06-12T18:56:15","guid":{"rendered":"http:\/\/wp.jels-net.dk\/?page_id=639"},"modified":"2023-05-23T14:32:56","modified_gmt":"2023-05-23T12:32:56","slug":"hastighedstest","status":"publish","type":"page","link":"https:\/\/jels-net.dk\/index.php\/hastighedstest\/","title":{"rendered":"Hastighedstest"},"content":{"rendered":"<p><img loading=\"lazy\" decoding=\"async\" class=\"alignnone wp-image-880 size-full\" src=\"http:\/\/jels-net.dk\/wp-content\/uploads\/2017\/06\/Speedtest.jpg\" alt=\"\" width=\"247\" height=\"160\" \/><strong><a href=\"http:\/\/speedtest.asom-net.dk\/\" target=\"_blank\" rel=\"noopener noreferrer\">Start testen nu<\/a><\/strong><br \/>\nHastighedstesten m\u00e5ler hvor meget af din bredb\u00e5ndshastighed, der er tilg\u00e6ngelig i test\u00f8jeblikket.<\/p>\n<p>Du skal v\u00e6re opm\u00e6rksom p\u00e5, at andet udstyr, der er koblet til din internetforbindelse &#8211; eller andre programmer p\u00e5 din pc &#8211; kan bruge en del af din netforbindelse. Denne del vil ikke blive m\u00e5lt i hastighedstesten.<\/p>\n<p>For at m\u00e5le den korrekte hastighed p\u00e5 forbindelsen, skal din pc v\u00e6re forbundet direkte til modemmet med et netv\u00e6rkskabel.<\/p>\n<p>Selvom pc&#8217;en er forbundet med kabel til modemmet, kan der dog v\u00e6re forhold, som kan give et lavere resultat, for eksempel hvis du samtidig&#8230;<br \/>\n\u2022downloader filer eller streamer videoer eller musik.<br \/>\n\u2022har Windows Update k\u00f8rende i baggrunden.<br \/>\n\u2022bruger VPN.<br \/>\n\u2022har andre programmer \u00e5bne p\u00e5 din pc.<br \/>\n\u2022har tilsluttet udstyr som en printer eller andet ekstraudstyr.<br \/>\nDerudover har alderen\/hastigheden p\u00e5 pc&#8217;en ogs\u00e5 indflydelse p\u00e5 hastighedstesten.<\/p>\n<p>Hvis du f\u00e5r en lavere hastighedstest end forventet, er det derfor vigtigt, at du slukker for alt andet udstyr og andre programmer, n\u00e5r du skal m\u00e5le din hastighed. Du bedes kontakte supporten, hvis du stadigv\u00e6k f\u00e5r en lavere hastighed end forventet.<\/p>\n<p>&nbsp;<\/p>\n<p>Klik her, hvis hastighedstesten ikke vises p\u00e5 din sk\u00e6rm<br \/>\nTesten kr\u00e6ver, at du har Flash installeret. Du kan hente Flash p\u00e5 <a href=\"http:\/\/www.adobe.dk\" target=\"_blank\" rel=\"noopener noreferrer\">http:\/\/www.adobe.dk<\/a><\/p>\n","protected":false},"excerpt":{"rendered":"<p>Start testen nu Hastighedstesten m\u00e5ler hvor meget af din bredb\u00e5ndshastighed, der er tilg\u00e6ngelig i test\u00f8jeblikket. Du skal v\u00e6re opm\u00e6rksom p\u00e5, at andet udstyr, der er koblet til din internetforbindelse &#8211; eller andre programmer p\u00e5 din pc &#8211; kan bruge en del af din netforbindelse. Denne del vil ikke blive m\u00e5lt i hastighedstesten. For at m\u00e5le [&hellip;]<\/p>\n","protected":false},"author":1,"featured_media":0,"parent":0,"menu_order":0,"comment_status":"closed","ping_status":"closed","template":"","meta":{"_genesis_hide_title":false,"_genesis_hide_breadcrumbs":false,"_genesis_hide_singular_image":false,"_genesis_hide_footer_widgets":false,"_genesis_custom_body_class":"","_genesis_custom_post_class":"","_genesis_layout":"","footnotes":""},"class_list":{"0":"post-639","1":"page","2":"type-page","3":"status-publish","5":"entry"},"_links":{"self":[{"href":"https:\/\/jels-net.dk\/index.php\/wp-json\/wp\/v2\/pages\/639","targetHints":{"allow":["GET"]}}],"collection":[{"href":"https:\/\/jels-net.dk\/index.php\/wp-json\/wp\/v2\/pages"}],"about":[{"href":"https:\/\/jels-net.dk\/index.php\/wp-json\/wp\/v2\/types\/page"}],"author":[{"embeddable":true,"href":"https:\/\/jels-net.dk\/index.php\/wp-json\/wp\/v2\/users\/1"}],"replies":[{"embeddable":true,"href":"https:\/\/jels-net.dk\/index.php\/wp-json\/wp\/v2\/comments?post=639"}],"version-history":[{"count":10,"href":"https:\/\/jels-net.dk\/index.php\/wp-json\/wp\/v2\/pages\/639\/revisions"}],"predecessor-version":[{"id":2273,"href":"https:\/\/jels-net.dk\/index.php\/wp-json\/wp\/v2\/pages\/639\/revisions\/2273"}],"wp:attachment":[{"href":"https:\/\/jels-net.dk\/index.php\/wp-json\/wp\/v2\/media?parent=639"}],"curies":[{"name":"wp","href":"https:\/\/api.w.org\/{rel}","templated":true}]}}