{"id":618,"date":"2017-06-12T20:39:45","date_gmt":"2017-06-12T18:39:45","guid":{"rendered":"http:\/\/wp.jels-net.dk\/?page_id=618"},"modified":"2017-06-19T15:39:47","modified_gmt":"2017-06-19T13:39:47","slug":"skift-tv-pakke","status":"publish","type":"page","link":"https:\/\/jels-net.dk\/index.php\/skift-tv-pakke\/","title":{"rendered":"Skift TV pakke"},"content":{"rendered":"<p><img loading=\"lazy\" decoding=\"async\" class=\"alignnone size-full wp-image-933\" src=\"http:\/\/wp.jels-net.dk\/wp-content\/uploads\/2017\/06\/pakkeskift-1.jpg\" alt=\"\" width=\"788\" height=\"150\" srcset=\"https:\/\/jels-net.dk\/wp-content\/uploads\/2017\/06\/pakkeskift-1.jpg 788w, https:\/\/jels-net.dk\/wp-content\/uploads\/2017\/06\/pakkeskift-1-300x57.jpg 300w, https:\/\/jels-net.dk\/wp-content\/uploads\/2017\/06\/pakkeskift-1-768x146.jpg 768w\" sizes=\"auto, (max-width: 788px) 100vw, 788px\" \/><\/p>\n<p>G\u00e5 ind p\u00e5 <a href=\"http:\/\/mit.jels-net.dk\">selvbetjening<\/a> for at lave pakkeskift.<\/p>\n<p><strong>Pakkeskift<\/strong><br \/>\nPakkeskift vil v\u00e6re forbundet med et gebyr p\u00e5 kr. 350.<\/p>\n","protected":false},"excerpt":{"rendered":"<p>G\u00e5 ind p\u00e5 selvbetjening for at lave pakkeskift. Pakkeskift Pakkeskift vil v\u00e6re forbundet med et gebyr p\u00e5 kr. 350.<\/p>\n","protected":false},"author":1,"featured_media":787,"parent":0,"menu_order":0,"comment_status":"closed","ping_status":"closed","template":"","meta":{"_genesis_hide_title":false,"_genesis_hide_breadcrumbs":false,"_genesis_hide_singular_image":false,"_genesis_hide_footer_widgets":false,"_genesis_custom_body_class":"","_genesis_custom_post_class":"","_genesis_layout":"","footnotes":""},"class_list":{"0":"post-618","1":"page","2":"type-page","3":"status-publish","4":"has-post-thumbnail","6":"entry"},"_links":{"self":[{"href":"https:\/\/jels-net.dk\/index.php\/wp-json\/wp\/v2\/pages\/618","targetHints":{"allow":["GET"]}}],"collection":[{"href":"https:\/\/jels-net.dk\/index.php\/wp-json\/wp\/v2\/pages"}],"about":[{"href":"https:\/\/jels-net.dk\/index.php\/wp-json\/wp\/v2\/types\/page"}],"author":[{"embeddable":true,"href":"https:\/\/jels-net.dk\/index.php\/wp-json\/wp\/v2\/users\/1"}],"replies":[{"embeddable":true,"href":"https:\/\/jels-net.dk\/index.php\/wp-json\/wp\/v2\/comments?post=618"}],"version-history":[{"count":5,"href":"https:\/\/jels-net.dk\/index.php\/wp-json\/wp\/v2\/pages\/618\/revisions"}],"predecessor-version":[{"id":935,"href":"https:\/\/jels-net.dk\/index.php\/wp-json\/wp\/v2\/pages\/618\/revisions\/935"}],"wp:featuredmedia":[{"embeddable":true,"href":"https:\/\/jels-net.dk\/index.php\/wp-json\/wp\/v2\/media\/787"}],"wp:attachment":[{"href":"https:\/\/jels-net.dk\/index.php\/wp-json\/wp\/v2\/media?parent=618"}],"curies":[{"name":"wp","href":"https:\/\/api.w.org\/{rel}","templated":true}]}}