{"id":2555,"date":"2025-06-03T09:59:09","date_gmt":"2025-06-03T07:59:09","guid":{"rendered":"https:\/\/jels-net.dk\/?page_id=2555"},"modified":"2025-06-03T11:42:57","modified_gmt":"2025-06-03T09:42:57","slug":"allente-streaming","status":"publish","type":"page","link":"https:\/\/jels-net.dk\/index.php\/allente-streaming\/","title":{"rendered":"Allente (streaming)"},"content":{"rendered":"<p><img loading=\"lazy\" decoding=\"async\" class=\"size-large wp-image-2557 aligncenter\" src=\"http:\/\/jels-net.dk\/wp-content\/uploads\/2025\/05\/Allente-1024x286.png\" alt=\"\" width=\"1024\" height=\"286\" srcset=\"https:\/\/jels-net.dk\/wp-content\/uploads\/2025\/05\/Allente-1024x286.png 1024w, https:\/\/jels-net.dk\/wp-content\/uploads\/2025\/05\/Allente-300x84.png 300w, https:\/\/jels-net.dk\/wp-content\/uploads\/2025\/05\/Allente-768x215.png 768w, https:\/\/jels-net.dk\/wp-content\/uploads\/2025\/05\/Allente.png 1217w\" sizes=\"auto, (max-width: 1024px) 100vw, 1024px\" \/><\/p>\n<p>Ogs\u00e5 i vores nye streaming pakker fra Allente er\u00a0\u00a0<img loading=\"lazy\" decoding=\"async\" class=\"alignnone wp-image-1861\" src=\"https:\/\/vejen-net.dk\/wp-content\/uploads\/2022\/08\/viaplay-film-serier_waoo-dk_logo_800x800px_ls-300x48.png\" sizes=\"auto, (max-width: 163px) 100vw, 163px\" srcset=\"https:\/\/vejen-net.dk\/wp-content\/uploads\/2022\/08\/viaplay-film-serier_waoo-dk_logo_800x800px_ls-300x48.png 300w, https:\/\/vejen-net.dk\/wp-content\/uploads\/2022\/08\/viaplay-film-serier_waoo-dk_logo_800x800px_ls-24x4.png 24w, https:\/\/vejen-net.dk\/wp-content\/uploads\/2022\/08\/viaplay-film-serier_waoo-dk_logo_800x800px_ls.png 400w\" alt=\"\" width=\"163\" height=\"26\" \/> \u00a0inkluderet<\/p>\n<p>Du kan her frit v\u00e6lge, hvilken af de fire TV-streamingpakker (Stream Basic, Stream Standard, Stream Premium eller Stream Basic+Sport) der passer bedst til dig. Du har adgang til disse kanaler via dit Smart TV, din Smartphone, tablet, Apple TV og computer, s\u00e5 du f\u00e5r ubegr\u00e6nset streaming i b\u00e5de Danmark og resten af EU.<\/p>\n<p><em>Bem\u00e6rk venligst:<\/em><br \/>\n<em>Det er en foruds\u00e6tning at du modtager internet fra Jels Antenneforening for at kunne tilk\u00f8be streaming TV. <\/em><em>Der er 6 mdr. binding og Allente Streaming kan opsiges med 1 m\u00e5neds varsel til udgangen af en m\u00e5ned, n\u00e5r der er g\u00e5et 5 m\u00e5neder efter aftalens indg\u00e5else. Mindstepris 6 mdr. 2.154 kr. ex. omkostninger til betalingsservice\/ faktura\/medlemskontingent, se mere p\u00e5\u00a0<a href=\"https:\/\/mit.jels-net.dk\/\" target=\"_blank\" rel=\"noopener\">Min Side<\/a>. Opsigelse: lb. md. + 30 dage. Vi tager forbehold for pris- og produkt\u00e6ndringer.<\/em><\/p>\n<p><strong>OBS!!\u00a0 Vi g\u00f8r opm\u00e6rksom p\u00e5 at Allente er en streamingtjeneste. Har du i forvejen TV-pakke fra Jels Antenneforening (grund-, mellem eller fuldpakken) vil den ikke blive opsagt automatisk n\u00e5r du bestiller Allente Streaming. Du skal selv huske at opsige din TV-pakke <em>p\u00e5\u00a0<a href=\"https:\/\/mit.jels-net.dk\/\" target=\"_blank\" rel=\"noopener\">Min Side<\/a>.<\/em><\/strong><\/p>\n<p><a href=\"http:\/\/jels-net.dk\/wp-content\/uploads\/2025\/05\/AllenteVilkaar_JelsAntenneforening.pdf\">Se vilk\u00e5r for Allente streaming her.<\/a><\/p>\n<p>&nbsp;<\/p>\n<p><img loading=\"lazy\" decoding=\"async\" class=\"alignnone size-full wp-image-2565\" src=\"http:\/\/jels-net.dk\/wp-content\/uploads\/2025\/05\/AllenteStreamBasic.png\" alt=\"\" width=\"1022\" height=\"606\" srcset=\"https:\/\/jels-net.dk\/wp-content\/uploads\/2025\/05\/AllenteStreamBasic.png 1022w, https:\/\/jels-net.dk\/wp-content\/uploads\/2025\/05\/AllenteStreamBasic-300x178.png 300w, https:\/\/jels-net.dk\/wp-content\/uploads\/2025\/05\/AllenteStreamBasic-768x455.png 768w\" sizes=\"auto, (max-width: 1022px) 100vw, 1022px\" \/><\/p>\n<p>&nbsp;<\/p>\n<p><img loading=\"lazy\" decoding=\"async\" class=\"alignnone size-large wp-image-2564\" src=\"http:\/\/jels-net.dk\/wp-content\/uploads\/2025\/05\/AllenteStandard-1024x855.png\" alt=\"\" width=\"1024\" height=\"855\" srcset=\"https:\/\/jels-net.dk\/wp-content\/uploads\/2025\/05\/AllenteStandard-1024x855.png 1024w, https:\/\/jels-net.dk\/wp-content\/uploads\/2025\/05\/AllenteStandard-300x251.png 300w, https:\/\/jels-net.dk\/wp-content\/uploads\/2025\/05\/AllenteStandard-768x641.png 768w, https:\/\/jels-net.dk\/wp-content\/uploads\/2025\/05\/AllenteStandard.png 1055w\" sizes=\"auto, (max-width: 1024px) 100vw, 1024px\" \/><\/p>\n<p>&nbsp;<\/p>\n<p><img loading=\"lazy\" decoding=\"async\" class=\"alignnone size-large wp-image-2563\" src=\"http:\/\/jels-net.dk\/wp-content\/uploads\/2025\/05\/AllentePremium-1024x933.png\" alt=\"\" width=\"1024\" height=\"933\" srcset=\"https:\/\/jels-net.dk\/wp-content\/uploads\/2025\/05\/AllentePremium-1024x933.png 1024w, https:\/\/jels-net.dk\/wp-content\/uploads\/2025\/05\/AllentePremium-300x273.png 300w, https:\/\/jels-net.dk\/wp-content\/uploads\/2025\/05\/AllentePremium-768x700.png 768w, https:\/\/jels-net.dk\/wp-content\/uploads\/2025\/05\/AllentePremium.png 1062w\" sizes=\"auto, (max-width: 1024px) 100vw, 1024px\" \/><\/p>\n<p>&nbsp;<\/p>\n<p><img loading=\"lazy\" decoding=\"async\" class=\"alignnone size-large wp-image-2562\" src=\"http:\/\/jels-net.dk\/wp-content\/uploads\/2025\/05\/AllenteBasicOgSport-1024x701.png\" alt=\"\" width=\"1024\" height=\"701\" srcset=\"https:\/\/jels-net.dk\/wp-content\/uploads\/2025\/05\/AllenteBasicOgSport-1024x701.png 1024w, https:\/\/jels-net.dk\/wp-content\/uploads\/2025\/05\/AllenteBasicOgSport-300x205.png 300w, https:\/\/jels-net.dk\/wp-content\/uploads\/2025\/05\/AllenteBasicOgSport-768x525.png 768w, https:\/\/jels-net.dk\/wp-content\/uploads\/2025\/05\/AllenteBasicOgSport.png 1045w\" sizes=\"auto, (max-width: 1024px) 100vw, 1024px\" \/><\/p>\n","protected":false},"excerpt":{"rendered":"<p>Ogs\u00e5 i vores nye streaming pakker fra Allente er\u00a0\u00a0 \u00a0inkluderet Du kan her frit v\u00e6lge, hvilken af de fire TV-streamingpakker (Stream Basic, Stream Standard, Stream Premium eller Stream Basic+Sport) der passer bedst til dig. Du har adgang til disse kanaler via dit Smart TV, din Smartphone, tablet, Apple TV og computer, s\u00e5 du f\u00e5r ubegr\u00e6nset [&hellip;]<\/p>\n","protected":false},"author":1,"featured_media":0,"parent":0,"menu_order":0,"comment_status":"closed","ping_status":"closed","template":"","meta":{"_genesis_hide_title":false,"_genesis_hide_breadcrumbs":false,"_genesis_hide_singular_image":false,"_genesis_hide_footer_widgets":false,"_genesis_custom_body_class":"","_genesis_custom_post_class":"","_genesis_layout":"","footnotes":""},"class_list":{"0":"post-2555","1":"page","2":"type-page","3":"status-publish","5":"entry"},"_links":{"self":[{"href":"https:\/\/jels-net.dk\/index.php\/wp-json\/wp\/v2\/pages\/2555","targetHints":{"allow":["GET"]}}],"collection":[{"href":"https:\/\/jels-net.dk\/index.php\/wp-json\/wp\/v2\/pages"}],"about":[{"href":"https:\/\/jels-net.dk\/index.php\/wp-json\/wp\/v2\/types\/page"}],"author":[{"embeddable":true,"href":"https:\/\/jels-net.dk\/index.php\/wp-json\/wp\/v2\/users\/1"}],"replies":[{"embeddable":true,"href":"https:\/\/jels-net.dk\/index.php\/wp-json\/wp\/v2\/comments?post=2555"}],"version-history":[{"count":11,"href":"https:\/\/jels-net.dk\/index.php\/wp-json\/wp\/v2\/pages\/2555\/revisions"}],"predecessor-version":[{"id":2594,"href":"https:\/\/jels-net.dk\/index.php\/wp-json\/wp\/v2\/pages\/2555\/revisions\/2594"}],"wp:attachment":[{"href":"https:\/\/jels-net.dk\/index.php\/wp-json\/wp\/v2\/media?parent=2555"}],"curies":[{"name":"wp","href":"https:\/\/api.w.org\/{rel}","templated":true}]}}